{"id":179,"date":"2026-02-04T19:14:49","date_gmt":"2026-02-04T19:14:49","guid":{"rendered":"https:\/\/eislek.bee-green.today\/eislek-gravel-luxembourg\/"},"modified":"2026-02-23T17:25:59","modified_gmt":"2026-02-23T17:25:59","slug":"eislek-gravel-luxembourg","status":"publish","type":"page","link":"https:\/\/eislek.bee-green.today\/de\/","title":{"rendered":"Eislek Gravel Luxembourg"},"content":{"rendered":"<p>[et_pb_section fb_built=&#8220;1&#8243; inner_shadow=&#8220;on&#8220; _builder_version=&#8220;4.27.5&#8243; background_enable_image=&#8220;off&#8220; background_video_mp4=&#8220;https:\/\/eislek.bee-green.today\/wp-content\/uploads\/2026\/02\/Eislek-Gravel-Luxembourg-2025.mp4&#8243; background_video_webm=&#8220;https:\/\/eislek.bee-green.today\/wp-content\/uploads\/2026\/02\/Eislek-Gravel-Luxembourg-2025.webm&#8220; min_height=&#8220;300px&#8220; custom_padding=&#8220;0px||0px||true|false&#8220; custom_css_free_form=&#8220;selector {||  height: calc(100vw \/ 16 * 9);||}&#8220; global_colors_info=&#8220;{}&#8220;][et_pb_row _builder_version=&#8220;4.27.5&#8243; _module_preset=&#8220;default&#8220; custom_padding=&#8220;0px||3em||false|false&#8220; custom_css_free_form=&#8220;selector {||  display: flex;||  justify-content: flex-end;||  height: 100%;||}&#8220; global_colors_info=&#8220;{}&#8220;][et_pb_column type=&#8220;4_4&#8243; _builder_version=&#8220;4.27.5&#8243; _module_preset=&#8220;default&#8220; custom_css_free_form=&#8220;selector {||  align-self: flex-end;||}&#8220; global_colors_info=&#8220;{}&#8220;][et_pb_heading title=&#8220;Eislek Gravel Luxembourg&#8220; admin_label=&#8220;Heading (visually-hidden)&#8220; module_class=&#8220;visually-hidden&#8220; _builder_version=&#8220;4.27.5&#8243; _module_preset=&#8220;default&#8220; module_alignment=&#8220;left&#8220; global_colors_info=&#8220;{}&#8220;][\/et_pb_heading][et_pb_image src=&#8220;https:\/\/eislek.bee-green.today\/wp-content\/uploads\/2026\/02\/logo-eislek-gravel-luxembourg-neg.png&#8220; alt=&#8220;Eislek Gravel Luxembourg&#8220; title_text=&#8220;Eislek Gravel Luxembourg&#8220; show_bottom_space=&#8220;off&#8220; align=&#8220;center&#8220; _builder_version=&#8220;4.27.5&#8243; _module_preset=&#8220;default&#8220; width=&#8220;30%&#8220; module_alignment=&#8220;center&#8220; custom_margin=&#8220;0px||0px||true|false&#8220; custom_padding=&#8220;||||true|false&#8220; custom_css_free_form=&#8220;selector {||  min-width: 200px;||}&#8220; global_colors_info=&#8220;{}&#8220;][\/et_pb_image][et_pb_heading title=&#8220;20. &amp; 21. Juni 2026&#8243; _builder_version=&#8220;4.27.5&#8243; _module_preset=&#8220;default&#8220; title_level=&#8220;h2&#8243; title_text_align=&#8220;center&#8220; title_text_color=&#8220;#FFFFFF&#8220; module_alignment=&#8220;center&#8220; custom_margin=&#8220;1.5em||0.75em||false|false&#8220; title_text_shadow_style=&#8220;preset3&#8243; text_shadow_style=&#8220;preset3&#8243; text_shadow_horizontal_length=&#8220;1px&#8220; text_shadow_vertical_length=&#8220;1px&#8220; text_shadow_blur_strength=&#8220;0em&#8220; text_shadow_color=&#8220;#1D1D1B&#8220; global_colors_info=&#8220;{}&#8220;][\/et_pb_heading][et_pb_button button_url=&#8220;@ET-DC@eyJkeW5hbWljIjp0cnVlLCJjb250ZW50IjoicG9zdF9saW5rX3VybF9wYWdlIiwic2V0dGluZ3MiOnsicG9zdF9pZCI6IjcwIn19@&#8220; button_text=&#8220;Anmeldungen&#8220; button_alignment=&#8220;center&#8220; _builder_version=&#8220;4.27.5&#8243; _dynamic_attributes=&#8220;button_url&#8220; _module_preset=&#8220;default&#8220; global_colors_info=&#8220;{}&#8220;][\/et_pb_button][\/et_pb_column][\/et_pb_row][\/et_pb_section][et_pb_section fb_built=&#8220;1&#8243; _builder_version=&#8220;4.27.5&#8243; _module_preset=&#8220;default&#8220; background_color=&#8220;#1D1D1B&#8220; custom_padding=&#8220;0em||0em||true|false&#8220; global_colors_info=&#8220;{}&#8220;][et_pb_row column_structure=&#8220;1_2,1_2&#8243; _builder_version=&#8220;4.27.5&#8243; _module_preset=&#8220;default&#8220; custom_padding=&#8220;4.95%||4.95%||true|false&#8220; global_colors_info=&#8220;{}&#8220;][et_pb_column type=&#8220;1_2&#8243; module_class=&#8220;bee-column-image-block&#8220; _builder_version=&#8220;4.27.5&#8243; _dynamic_attributes=&#8220;link_option_url&#8220; _module_preset=&#8220;default&#8220; background_image=&#8220;https:\/\/eislek.bee-green.today\/wp-content\/uploads\/2026\/02\/Eislek-Gravel-Experience-scaled.jpg&#8220; custom_padding=&#8220;1em|2em|1em|2em|true|true&#8220; link_option_url=&#8220;@ET-DC@eyJkeW5hbWljIjp0cnVlLCJjb250ZW50IjoicG9zdF9saW5rX3VybF9wYWdlIiwic2V0dGluZ3MiOnsicG9zdF9pZCI6IjU0In19@&#8220; global_colors_info=&#8220;{}&#8220;][et_pb_text _builder_version=&#8220;4.27.5&#8243; _module_preset=&#8220;default&#8220; text_font=&#8220;Oswald||||||||&#8220; text_text_color=&#8220;#FFFFFF&#8220; text_font_size=&#8220;1.25em&#8220; custom_margin=&#8220;51%||0.1em||false|false&#8220; custom_css_free_form=&#8220;selector strong {||  font-family: &#8218;League Gothic&#8216;,Helvetica,Arial,Lucida,sans-serif;||  font-weight: 400;||  font-size: 1.33em;||}&#8220; text_text_shadow_style=&#8220;preset3&#8243; text_text_shadow_horizontal_length=&#8220;1px&#8220; text_text_shadow_vertical_length=&#8220;1px&#8220; text_text_shadow_blur_strength=&#8220;0em&#8220; text_text_shadow_color=&#8220;#1D1D1B&#8220; global_colors_info=&#8220;{}&#8220;]<\/p>\n<p>Samstag, <strong>20. Juni 2026<\/strong><\/p>\n<p>[\/et_pb_text][et_pb_heading title=&#8220;Eislek Gravel Experience&#8220; _builder_version=&#8220;4.27.5&#8243; _module_preset=&#8220;default&#8220; title_level=&#8220;h2&#8243; title_text_color=&#8220;#FFFFFF&#8220; custom_margin=&#8220;0px||0px||true|false&#8220; text_shadow_style=&#8220;preset3&#8243; text_shadow_horizontal_length=&#8220;1px&#8220; text_shadow_vertical_length=&#8220;1px&#8220; text_shadow_blur_strength=&#8220;0em&#8220; text_shadow_color=&#8220;#1D1D1B&#8220; global_colors_info=&#8220;{}&#8220;][\/et_pb_heading][\/et_pb_column][et_pb_column type=&#8220;1_2&#8243; module_class=&#8220;bee-column-image-block&#8220; _builder_version=&#8220;4.27.5&#8243; _dynamic_attributes=&#8220;link_option_url&#8220; _module_preset=&#8220;default&#8220; background_image=&#8220;https:\/\/eislek.bee-green.today\/wp-content\/uploads\/2026\/02\/UCI-Gravel-World-Series-scaled.jpg&#8220; custom_padding=&#8220;1em|2em|1em|2em|true|true&#8220; link_option_url=&#8220;@ET-DC@eyJkeW5hbWljIjp0cnVlLCJjb250ZW50IjoicG9zdF9saW5rX3VybF9wYWdlIiwic2V0dGluZ3MiOnsicG9zdF9pZCI6IjU3In19@&#8220; global_colors_info=&#8220;{}&#8220;][et_pb_text _builder_version=&#8220;4.27.5&#8243; _module_preset=&#8220;default&#8220; text_font=&#8220;Oswald||||||||&#8220; text_text_color=&#8220;#FFFFFF&#8220; text_font_size=&#8220;1.25em&#8220; custom_margin=&#8220;51%||0.1em||false|false&#8220; custom_css_free_form=&#8220;selector strong {||  font-family: &#8218;League Gothic&#8216;,Helvetica,Arial,Lucida,sans-serif;||  font-weight: 400;||  font-size: 1.33em;||}&#8220; text_text_shadow_style=&#8220;preset3&#8243; text_text_shadow_horizontal_length=&#8220;1px&#8220; text_text_shadow_vertical_length=&#8220;1px&#8220; text_text_shadow_blur_strength=&#8220;0em&#8220; text_text_shadow_color=&#8220;#1D1D1B&#8220; global_colors_info=&#8220;{}&#8220;]<\/p>\n<p>Sonntag, <strong>21. Juni 2026<\/strong><\/p>\n<p>[\/et_pb_text][et_pb_heading title=&#8220;UCI Gravel World Series&#8220; _builder_version=&#8220;4.27.5&#8243; _module_preset=&#8220;default&#8220; title_level=&#8220;h2&#8243; title_text_color=&#8220;#FFFFFF&#8220; custom_margin=&#8220;0px||0px||true|false&#8220; text_shadow_style=&#8220;preset3&#8243; text_shadow_horizontal_length=&#8220;1px&#8220; text_shadow_vertical_length=&#8220;1px&#8220; text_shadow_blur_strength=&#8220;0em&#8220; text_shadow_color=&#8220;#1D1D1B&#8220; global_colors_info=&#8220;{}&#8220;][\/et_pb_heading][\/et_pb_column][\/et_pb_row][\/et_pb_section][et_pb_section fb_built=&#8220;1&#8243; _builder_version=&#8220;4.27.5&#8243; _module_preset=&#8220;default&#8220; background_color=&#8220;#F4F1EA&#8220; custom_padding=&#8220;0em||0em||true|false&#8220; global_colors_info=&#8220;{}&#8220;][et_pb_row column_structure=&#8220;1_2,1_2&#8243; make_equal=&#8220;on&#8220; _builder_version=&#8220;4.27.5&#8243; _module_preset=&#8220;default&#8220; custom_padding=&#8220;4.95%||4.95%||true|false&#8220; global_colors_info=&#8220;{}&#8220;][et_pb_column type=&#8220;1_2&#8243; _builder_version=&#8220;4.27.5&#8243; _module_preset=&#8220;default&#8220; background_image=&#8220;https:\/\/eislek.bee-green.today\/wp-content\/uploads\/2026\/02\/UCI-Gravel-Eislek-2025-2-scaled.jpg&#8220; custom_padding=&#8220;1em|2em|1em|2em|true|true&#8220; custom_css_free_form=&#8220;selector {||  min-height: 300px;||  background-position: 70% center;||}||||selector::after {||  content: &#8220;;||  display: block;||  position: absolute;||  top: 66.6667%;||  right: 0;||  bottom: 0;||  left: 0;||  background: radial-gradient(ellipse at 85% 75%, rgba(0,0,0,0.5) 0%,rgba(0,0,0,0) 50%);||  z-index: -1||}&#8220; global_colors_info=&#8220;{}&#8220;][et_pb_heading title=&#8220;Vorstellung&#8220; _builder_version=&#8220;4.27.5&#8243; _module_preset=&#8220;default&#8220; title_level=&#8220;h2&#8243; title_text_align=&#8220;right&#8220; title_text_color=&#8220;#FFFFFF&#8220; custom_margin=&#8220;||||false|false&#8220; custom_css_free_form=&#8220;selector {||  position: absolute;||  right: 2em;||  bottom: 1em;||}&#8220; title_text_shadow_style=&#8220;preset3&#8243; title_text_shadow_horizontal_length=&#8220;1px&#8220; title_text_shadow_vertical_length=&#8220;1px&#8220; title_text_shadow_blur_strength=&#8220;0em&#8220; title_text_shadow_color=&#8220;#1D1D1B&#8220; global_colors_info=&#8220;{}&#8220;][\/et_pb_heading][\/et_pb_column][et_pb_column type=&#8220;1_2&#8243; _builder_version=&#8220;4.27.5&#8243; _module_preset=&#8220;default&#8220; global_colors_info=&#8220;{}&#8220;][et_pb_text _builder_version=&#8220;4.27.5&#8243; _module_preset=&#8220;default&#8220; custom_margin=&#8220;||1.5em||false|false&#8220; global_colors_info=&#8220;{}&#8220;]<\/p>\n<p>Das Eislek Gravel Luxembourg l\u00e4dt dich ein, <strong>die Essenz des Gravels in einer au\u00dfergew\u00f6hnlichen Kulisse<\/strong> zu entdecken.<\/p>\n<p>Am <strong>21. Juni 2026<\/strong> tauchst du mit der <a href=\"https:\/\/eislek.bee-green.today\/de\/die-eislek-gravel-rennen\/uci-gravel-world-series\/\">UCI Gravel World Series<\/a> in ein Abenteuer ein, bei dem dich herrliche Wege ins Herz von Vianden f\u00fchren, das mehrfach durchquert wird und f\u00fcr eine lebendige und herzliche Atmosph\u00e4re sorgt. Zuschauer und Begeisterte k\u00f6nnen privilegierte Aussichtspunkte genie\u00dfen, wobei ein Sessellift es erm\u00f6glicht, das Schloss zu erreichen und die Fahrer entlang der Strecke an verschiedenen Durchgangspunkten wiederzutreffen. <\/p>\n<p>Zwischen rollenden Wegen auf Felsvorspr\u00fcngen \u00fcber Vianden und Passagen entlang der majest\u00e4tischen Our-Talsperre l\u00e4sst dich dieses Rennen Gravel in seiner ganzen Pracht erleben.<\/p>\n<p>Ab dem <strong>Samstag, 20. Juni 2026<\/strong>, wird die <a href=\"https:\/\/eislek.bee-green.today\/de\/die-eislek-gravel-rennen\/eislek-gravel-erlebnis\/\">Eislek Gravel Experience<\/a> Gravel-Liebhaber begr\u00fc\u00dfen, die die Region in ihrem eigenen Tempo und abseits des Wettkampfcharakters des UCI-Rennens am Sonntag entdecken m\u00f6chten. Die Startnummernausgabe f\u00fcr die Rennen am Sonntag und die Partner-Messe runden die Festivit\u00e4ten ab. Dieser gesellige Bereich erm\u00f6glicht es den Teilnehmenden, sich vorzubereiten, sich mit anderen Begeisterten auszutauschen und die Partnermarken der Veranstaltung zu entdecken. Diese Veranstaltung, die im Gro\u00dfherzogtum Luxemburg organisiert wird, zelebriert die Werte des Naturrespekts und der sportlichen Leidenschaft in einer europ\u00e4ischen Umgebung mit einzigartigem Kulturerbe.<\/p>\n<p>[\/et_pb_text][et_pb_button button_url=&#8220;@ET-DC@eyJkeW5hbWljIjp0cnVlLCJjb250ZW50IjoicG9zdF9saW5rX3VybF9wYWdlIiwic2V0dGluZ3MiOnsicG9zdF9pZCI6IjM1In19@&#8220; button_text=&#8220;Mehr erfahren&#8220; _builder_version=&#8220;4.27.5&#8243; _dynamic_attributes=&#8220;button_url&#8220; _module_preset=&#8220;default&#8220; global_colors_info=&#8220;{}&#8220;][\/et_pb_button][\/et_pb_column][\/et_pb_row][\/et_pb_section][et_pb_section fb_built=&#8220;1&#8243; _builder_version=&#8220;4.27.5&#8243; _module_preset=&#8220;default&#8220; custom_padding=&#8220;||||true|false&#8220; global_colors_info=&#8220;{}&#8220;][et_pb_row _builder_version=&#8220;4.27.5&#8243; _module_preset=&#8220;default&#8220; custom_padding=&#8220;||2.5em||false|false&#8220; global_colors_info=&#8220;{}&#8220;][et_pb_column type=&#8220;4_4&#8243; _builder_version=&#8220;4.27.5&#8243; _module_preset=&#8220;default&#8220; global_colors_info=&#8220;{}&#8220;][et_pb_heading title=&#8220;Partner&#8220; _builder_version=&#8220;4.27.5&#8243; _module_preset=&#8220;default&#8220; title_level=&#8220;h2&#8243; title_text_align=&#8220;center&#8220; global_colors_info=&#8220;{}&#8220;][\/et_pb_heading][\/et_pb_column][\/et_pb_row][et_pb_row column_structure=&#8220;1_5,1_5,1_5,1_5,1_5&#8243; make_equal=&#8220;on&#8220; _builder_version=&#8220;4.27.5&#8243; _module_preset=&#8220;default&#8220; width_tablet=&#8220;&#8220; width_phone=&#8220;&#8220; width_last_edited=&#8220;on|phone&#8220; max_width_tablet=&#8220;&#8220; max_width_phone=&#8220;&#8220; max_width_last_edited=&#8220;on|desktop&#8220; custom_margin=&#8220;||||false|false&#8220; custom_padding=&#8220;0em||2.48%||false|false&#8220; hover_enabled=&#8220;0&#8243; global_colors_info=&#8220;{}&#8220; sticky_enabled=&#8220;0&#8243; module_class=&#8220;bee-partners&#8220;][et_pb_column type=&#8220;1_5&#8243; _builder_version=&#8220;4.27.5&#8243; _module_preset=&#8220;default&#8220; global_colors_info=&#8220;{}&#8220;][et_pb_image src=&#8220;https:\/\/eislek.bee-green.today\/wp-content\/uploads\/2026\/02\/logo-ville-de-vianden.png&#8220; title_text=&#8220;Stadt Vianden&#8220; show_bottom_space_tablet=&#8220;&#8220; show_bottom_space_phone=&#8220;&#8220; show_bottom_space_last_edited=&#8220;on|phone&#8220; _builder_version=&#8220;4.27.5&#8243; _module_preset=&#8220;default&#8220; max_width_tablet=&#8220;&#8220; max_width_phone=&#8220;50vw&#8220; max_width_last_edited=&#8220;on|phone&#8220; custom_margin=&#8220;|auto||auto|false|true&#8220; custom_margin_tablet=&#8220;|1em||1em|false|true&#8220; custom_margin_phone=&#8220;|1em||1em|false|true&#8220; custom_margin_last_edited=&#8220;on|tablet&#8220; global_colors_info=&#8220;{}&#8220;][\/et_pb_image][\/et_pb_column][et_pb_column type=&#8220;1_5&#8243; _builder_version=&#8220;4.27.5&#8243; _module_preset=&#8220;default&#8220; global_colors_info=&#8220;{}&#8220;][et_pb_image src=&#8220;https:\/\/eislek.bee-green.today\/wp-content\/uploads\/2026\/02\/logo-fscl.png&#8220; title_text=&#8220;F.S.C.L.&#8220; _builder_version=&#8220;4.27.5&#8243; _module_preset=&#8220;default&#8220; max_width=&#8220;35vw&#8220; custom_margin=&#8220;|1em||1em|false|true&#8220; custom_margin_tablet=&#8220;|1.75em||1.75em|false|true&#8220; custom_margin_phone=&#8220;|1.75em||1.75em|false|true&#8220; custom_margin_last_edited=&#8220;on|phone&#8220; custom_padding=&#8220;||||true|false&#8220; global_colors_info=&#8220;{}&#8220;][\/et_pb_image][\/et_pb_column][et_pb_column type=&#8220;1_5&#8243; _builder_version=&#8220;4.27.5&#8243; _module_preset=&#8220;default&#8220; global_colors_info=&#8220;{}&#8220;][et_pb_image src=&#8220;https:\/\/eislek.bee-green.today\/wp-content\/uploads\/2026\/02\/logo-eislek-mir-sinn-uewen.png&#8220; title_text=&#8220;Esilek &#8211; Mir sinn uewen&#8220; _builder_version=&#8220;4.27.5&#8243; _module_preset=&#8220;default&#8220; max_width=&#8220;50vw&#8220; custom_margin=&#8220;|auto||auto|false|true&#8220; custom_margin_tablet=&#8220;|1em||1em|false|true&#8220; custom_margin_phone=&#8220;|1em||1em|false|true&#8220; custom_margin_last_edited=&#8220;on|tablet&#8220; global_colors_info=&#8220;{}&#8220;][\/et_pb_image][\/et_pb_column][et_pb_column type=&#8220;1_5&#8243; _builder_version=&#8220;4.27.5&#8243; _module_preset=&#8220;default&#8220; global_colors_info=&#8220;{}&#8220;][et_pb_image src=&#8220;https:\/\/eislek.bee-green.today\/wp-content\/uploads\/2026\/02\/logo-naturpark-our.png&#8220; title_text=&#8220;Naturpark Our&#8220; _builder_version=&#8220;4.27.5&#8243; _module_preset=&#8220;default&#8220; max_width=&#8220;40vw&#8220; custom_margin=&#8220;|1.5em||1.5em|false|true&#8220; global_colors_info=&#8220;{}&#8220;][\/et_pb_image][\/et_pb_column][et_pb_column type=&#8220;1_5&#8243; _builder_version=&#8220;4.27.5&#8243; _module_preset=&#8220;default&#8220; global_colors_info=&#8220;{}&#8220;][et_pb_image src=&#8220;https:\/\/eislek.bee-green.today\/wp-content\/uploads\/2026\/02\/logo-felsenland-sudeifel.png&#8220; _builder_version=&#8220;4.27.5&#8243; _module_preset=&#8220;default&#8220; alt=&#8220;Felsenland S\u00fcdeifel&#8220; title_text=&#8220;Felsenland S\u00fcdeifel&#8220; hover_enabled=&#8220;0&#8243; sticky_enabled=&#8220;0&#8243;][\/et_pb_image][\/et_pb_column][\/et_pb_row][et_pb_row _builder_version=&#8220;4.27.5&#8243; _module_preset=&#8220;default&#8220; global_colors_info=&#8220;{}&#8220;][et_pb_column type=&#8220;4_4&#8243; _builder_version=&#8220;4.27.5&#8243; _module_preset=&#8220;default&#8220; global_colors_info=&#8220;{}&#8220;][et_pb_button button_url=&#8220;@ET-DC@eyJkeW5hbWljIjp0cnVlLCJjb250ZW50IjoicG9zdF9saW5rX3VybF9wYWdlIiwic2V0dGluZ3MiOnsicG9zdF9pZCI6Ijc1In19@&#8220; button_text=&#8220;Alle Partner&#8220; button_alignment=&#8220;center&#8220; _builder_version=&#8220;4.27.5&#8243; _dynamic_attributes=&#8220;button_url&#8220; _module_preset=&#8220;default&#8220; global_colors_info=&#8220;{}&#8220;][\/et_pb_button][\/et_pb_column][\/et_pb_row][\/et_pb_section]<\/p>\n","protected":false},"excerpt":{"rendered":"<p>Samstag, 20. Juni 2026Sonntag, 21. Juni 2026Das Eislek Gravel Luxembourg l\u00e4dt dich ein, die Essenz des Gravels in einer au\u00dfergew\u00f6hnlichen Kulisse zu entdecken. Am 21. Juni 2026 tauchst du mit der UCI Gravel World Series in ein Abenteuer ein, bei dem dich herrliche Wege ins Herz von Vianden f\u00fchren, das mehrfach durchquert wird und f\u00fcr [&hellip;]<\/p>\n","protected":false},"author":1,"featured_media":0,"parent":0,"menu_order":0,"comment_status":"closed","ping_status":"closed","template":"","meta":{"_acf_changed":false,"_et_pb_use_builder":"on","_et_pb_old_content":"","_et_gb_content_width":"","footnotes":""},"class_list":["post-179","page","type-page","status-publish","hentry"],"acf":[],"_links":{"self":[{"href":"https:\/\/eislek.bee-green.today\/de\/wp-json\/wp\/v2\/pages\/179","targetHints":{"allow":["GET"]}}],"collection":[{"href":"https:\/\/eislek.bee-green.today\/de\/wp-json\/wp\/v2\/pages"}],"about":[{"href":"https:\/\/eislek.bee-green.today\/de\/wp-json\/wp\/v2\/types\/page"}],"author":[{"embeddable":true,"href":"https:\/\/eislek.bee-green.today\/de\/wp-json\/wp\/v2\/users\/1"}],"replies":[{"embeddable":true,"href":"https:\/\/eislek.bee-green.today\/de\/wp-json\/wp\/v2\/comments?post=179"}],"version-history":[{"count":15,"href":"https:\/\/eislek.bee-green.today\/de\/wp-json\/wp\/v2\/pages\/179\/revisions"}],"predecessor-version":[{"id":1752,"href":"https:\/\/eislek.bee-green.today\/de\/wp-json\/wp\/v2\/pages\/179\/revisions\/1752"}],"wp:attachment":[{"href":"https:\/\/eislek.bee-green.today\/de\/wp-json\/wp\/v2\/media?parent=179"}],"curies":[{"name":"wp","href":"https:\/\/api.w.org\/{rel}","templated":true}]}}